{"id":435,"date":"2020-01-04T10:09:44","date_gmt":"2020-01-04T10:09:44","guid":{"rendered":"https:\/\/explore-delft.nl\/?page_id=435"},"modified":"2020-09-29T18:34:29","modified_gmt":"2020-09-29T18:34:29","slug":"tour-op-maat","status":"publish","type":"page","link":"https:\/\/www.exploredelft.nl\/de\/tour-op-maat","title":{"rendered":"ma\u00dfgeschneiderte Tour"},"content":{"rendered":"<div class=\"style-354 style-local-435-c1 position-relative\" data-colibri-id=\"435-c1\">\r\n  <!---->\r\n  <div class=\"h-section h-section-global-spacing d-flex align-items-lg-center align-items-md-center align-items-center style-359 style-local-435-c2 position-relative\" id=\"about\" data-colibri-component=\"section\" data-colibri-id=\"435-c2\">\r\n    <!---->\r\n    <!---->\r\n    <div class=\"h-section-grid-container h-section-boxed-container\">\r\n      <!---->\r\n      <div class=\"h-row-container gutters-row-lg-0 gutters-row-md-0 gutters-row-0 gutters-row-v-lg-0 gutters-row-v-md-0 gutters-row-v-0 style-360 style-local-435-c3 position-relative\" data-colibri-id=\"435-c3\">\r\n        <!---->\r\n        <div class=\"h-row justify-content-lg-center justify-content-md-center justify-content-center align-items-lg-stretch align-items-md-stretch align-items-stretch gutters-col-lg-0 gutters-col-md-0 gutters-col-0 gutters-col-v-lg-0 gutters-col-v-md-0 gutters-col-v-0\">\r\n          <!---->\r\n          <div class=\"h-column h-column-container d-flex h-col-lg-auto h-col-md-auto h-col-auto style-361-outer style-local-435-c4-outer\">\r\n            <div class=\"d-flex h-flex-basis h-column__inner h-px-lg-0 h-px-md-0 h-px-0 v-inner-lg-0 v-inner-md-0 v-inner-0 style-361 style-local-435-c4 position-relative\" data-colibri-id=\"435-c4\">\r\n              <!---->\r\n              <!---->\r\n              <div class=\"w-100 h-y-container h-column__content h-column__v-align flex-basis-100 align-self-lg-start align-self-md-start align-self-start\">\r\n                <!---->\r\n                <div class=\"h-global-transition-all h-heading style-363 style-local-435-c5 position-relative h-element\" data-colibri-id=\"435-c5\">\r\n                  <!---->\r\n                  <!---->\r\n                  <h2>ma\u00dfgeschneiderte Tour &nbsp;<\/h2>\r\n                <\/div>\r\n                <div class=\"h-text h-text-component style-364 style-local-435-c6 position-relative h-element\" data-colibri-id=\"435-c6\">\r\n                  <!---->\r\n                  <!---->\r\n                  <div>\r\n                    <p><span style=\"color: rgb(70, 112, 127); font-family: Open Sans; font-size: 16px; font-weight: 400;\">Wenn Sie mit Ihrer Familie, einem Club von Freunden der ehemaligen High School, einem Junggesellenabschied oder einem Personalausflug kommen, spielt das keine Rolle. F\u00fcr jede Gruppe kann ein ma\u00dfgeschneiderter Spaziergang gemacht werden! Und vieles ist m\u00f6glich! <\/span><\/p>\r\n                  <\/div>\r\n                <\/div>\r\n              <\/div>\r\n            <\/div>\r\n          <\/div>\r\n          <div class=\"h-column h-column-container d-flex h-col-lg-auto h-col-md-auto h-col-auto style-365-outer style-local-435-c7-outer\">\r\n            <div class=\"d-flex h-flex-basis h-column__inner h-ui-empty-state-container h-px-lg-2 h-px-md-2 h-px-2 v-inner-lg-2 v-inner-md-2 v-inner-2 style-365 style-local-435-c7 position-relative\" data-colibri-id=\"435-c7\">\r\n              <!---->\r\n              <!---->\r\n              <div class=\"w-100 h-y-container h-column__content h-column__v-align flex-basis-100\">\r\n                <!---->\r\n              <\/div>\r\n            <\/div>\r\n          <\/div>\r\n        <\/div>\r\n      <\/div>\r\n    <\/div>\r\n  <\/div>\r\n  <div class=\"h-section h-section-global-spacing d-flex align-items-lg-center align-items-md-center align-items-center style-367 style-local-435-c8 position-relative\" id=\"about-2\" data-colibri-component=\"section\" data-colibri-id=\"435-c8\">\r\n    <!---->\r\n    <!---->\r\n    <div class=\"h-section-grid-container h-section-boxed-container\">\r\n      <!---->\r\n      <div class=\"h-row-container gutters-row-lg-0 gutters-row-md-0 gutters-row-0 gutters-row-v-lg-0 gutters-row-v-md-0 gutters-row-v-0 style-368 style-local-435-c9 position-relative\" data-colibri-id=\"435-c9\">\r\n        <!---->\r\n        <div class=\"h-row justify-content-lg-center justify-content-md-center justify-content-center align-items-lg-stretch align-items-md-stretch align-items-stretch gutters-col-lg-0 gutters-col-md-0 gutters-col-0 gutters-col-v-lg-0 gutters-col-v-md-0 gutters-col-v-0\">\r\n          <!---->\r\n          <div class=\"h-column h-column-container d-flex h-col-lg-auto h-col-md-auto h-col-auto style-369-outer style-local-435-c10-outer\">\r\n            <div class=\"d-flex h-flex-basis h-column__inner h-ui-empty-state-container h-px-lg-0 h-px-md-0 h-px-0 v-inner-lg-0 v-inner-md-0 v-inner-0 style-369 style-local-435-c10 position-relative\" data-colibri-id=\"435-c10\">\r\n              <!---->\r\n              <!---->\r\n              <div class=\"w-100 h-y-container h-column__content h-column__v-align flex-basis-100\">\r\n                <!---->\r\n              <\/div>\r\n            <\/div>\r\n          <\/div>\r\n          <div class=\"h-column h-column-container d-flex h-col-lg-auto h-col-md-auto h-col-auto style-370-outer style-local-435-c11-outer\">\r\n            <div class=\"d-flex h-flex-basis h-column__inner h-px-lg-2 h-px-md-2 h-px-2 v-inner-lg-2 v-inner-md-2 v-inner-2 style-370 style-local-435-c11 position-relative\" data-colibri-id=\"435-c11\">\r\n              <!---->\r\n              <!---->\r\n              <div class=\"w-100 h-y-container h-column__content h-column__v-align flex-basis-100 align-self-lg-start align-self-md-start align-self-start\">\r\n                <!---->\r\n                <div class=\"h-global-transition-all h-heading style-372 style-local-435-c12 position-relative h-element\" data-colibri-id=\"435-c12\">\r\n                  <!---->\r\n                  <!---->\r\n                  <h2>Entdecken Sie die versteckten Innenh\u00f6fe<\/h2>\r\n                <\/div>\r\n                <div class=\"h-text h-text-component style-373 style-local-435-c13 position-relative h-element\" data-colibri-id=\"435-c13\">\r\n                  <!---->\r\n                  <!---->\r\n                  <div>\r\n                    <p>Delft hat eine Reihe von Innenh\u00f6fen, in denen Sie sich im 17. Jahrhundert vorstellen. Einige sind so gut versteckt, dass selbst reinrassige Delfter B\u00fcrger \u00fcberrascht sind, wenn sie sie entdecken! Sie werden diese versteckten Juwelen w\u00e4hrend des Spaziergangs entdecken und Ihr F\u00fchrer wird Ihnen alles \u00fcber sie erz\u00e4hlen.<\/p>\r\n                  <\/div>\r\n                <\/div>\r\n              <\/div>\r\n            <\/div>\r\n          <\/div>\r\n        <\/div>\r\n      <\/div>\r\n    <\/div>\r\n  <\/div>\r\n  <div class=\"h-section h-section-global-spacing d-flex align-items-lg-center align-items-md-center align-items-center style-374 style-local-435-c14 position-relative\" id=\"about-3\" data-colibri-component=\"section\" data-colibri-id=\"435-c14\">\r\n    <!---->\r\n    <!---->\r\n    <div class=\"h-section-grid-container h-section-boxed-container\">\r\n      <!---->\r\n      <div class=\"h-row-container gutters-row-lg-0 gutters-row-md-0 gutters-row-0 gutters-row-v-lg-0 gutters-row-v-md-0 gutters-row-v-0 style-375 style-local-435-c15 position-relative\" data-colibri-id=\"435-c15\">\r\n        <!---->\r\n        <div class=\"h-row justify-content-lg-center justify-content-md-center justify-content-center align-items-lg-stretch align-items-md-stretch align-items-stretch gutters-col-lg-0 gutters-col-md-0 gutters-col-0 gutters-col-v-lg-0 gutters-col-v-md-0 gutters-col-v-0\">\r\n          <!---->\r\n          <div class=\"h-column h-column-container d-flex h-col-lg-auto h-col-md-auto h-col-auto style-376-outer style-local-435-c16-outer\">\r\n            <div class=\"d-flex h-flex-basis h-column__inner h-px-lg-0 h-px-md-0 h-px-0 v-inner-lg-0 v-inner-md-0 v-inner-0 style-376 style-local-435-c16 position-relative\" data-colibri-id=\"435-c16\">\r\n              <!---->\r\n              <!---->\r\n              <div class=\"w-100 h-y-container h-column__content h-column__v-align flex-basis-100 align-self-lg-start align-self-md-start align-self-start\">\r\n                <!---->\r\n                <div class=\"h-global-transition-all h-heading style-378 style-local-435-c17 position-relative h-element\" data-colibri-id=\"435-c17\">\r\n                  <!---->\r\n                  <!---->\r\n                  <h2>Das Leben von Johannes Vermeer<\/h2>\r\n                <\/div>\r\n                <div class=\"h-text h-text-component style-379 style-local-435-c18 position-relative h-element\" data-colibri-id=\"435-c18\">\r\n                  <!---->\r\n                  <!---->\r\n                  <div>\r\n                    <p><span style=\"color: rgb(70, 112, 127); font-family: Open Sans; font-size: 16px; font-weight: 400;\">Der heute weltber\u00fchmte Maler Johannes Vermeer wurde in Delft geboren und lebte und arbeitete dort sein ganzes Leben lang. Sie werden sehen, wo er geboren wurde, wo der junge Johannes hinter der Bar im Caf\u00e9 Mechelen am Marktplein half, wo sein Vater herrschte. Aber auch das Atelier, in dem er seine Meisterwerke malte, und die Orte, die er in seinen Gem\u00e4lden verewigte; wie \"die Stra\u00dfe\" wird besucht.<\/span><\/p>\r\n                  <\/div>\r\n                <\/div>\r\n              <\/div>\r\n            <\/div>\r\n          <\/div>\r\n          <div class=\"h-column h-column-container d-flex h-col-lg-auto h-col-md-auto h-col-auto style-380-outer style-local-435-c19-outer\">\r\n            <div class=\"d-flex h-flex-basis h-column__inner h-ui-empty-state-container h-px-lg-2 h-px-md-2 h-px-2 v-inner-lg-2 v-inner-md-2 v-inner-2 style-380 style-local-435-c19 position-relative\" data-colibri-id=\"435-c19\">\r\n              <!---->\r\n              <!---->\r\n              <div class=\"w-100 h-y-container h-column__content h-column__v-align flex-basis-100\">\r\n                <!---->\r\n              <\/div>\r\n            <\/div>\r\n          <\/div>\r\n        <\/div>\r\n      <\/div>\r\n    <\/div>\r\n  <\/div>\r\n  <div class=\"h-section h-section-global-spacing d-flex align-items-lg-center align-items-md-center align-items-center style-381 style-local-435-c20 position-relative\" id=\"about-4\" data-colibri-component=\"section\" data-colibri-id=\"435-c20\">\r\n    <!---->\r\n    <!---->\r\n    <div class=\"h-section-grid-container h-section-boxed-container\">\r\n      <!---->\r\n      <div class=\"h-row-container gutters-row-lg-0 gutters-row-md-0 gutters-row-0 gutters-row-v-lg-0 gutters-row-v-md-0 gutters-row-v-0 style-382 style-local-435-c21 position-relative\" data-colibri-id=\"435-c21\">\r\n        <!---->\r\n        <div class=\"h-row justify-content-lg-center justify-content-md-center justify-content-center align-items-lg-stretch align-items-md-stretch align-items-stretch gutters-col-lg-0 gutters-col-md-0 gutters-col-0 gutters-col-v-lg-0 gutters-col-v-md-0 gutters-col-v-0\">\r\n          <!---->\r\n          <div class=\"h-column h-column-container d-flex h-col-lg-auto h-col-md-auto h-col-auto style-383-outer style-local-435-c22-outer\">\r\n            <div class=\"d-flex h-flex-basis h-column__inner h-ui-empty-state-container h-px-lg-0 h-px-md-0 h-px-0 v-inner-lg-0 v-inner-md-0 v-inner-0 style-383 style-local-435-c22 position-relative\" data-colibri-id=\"435-c22\">\r\n              <!---->\r\n              <!---->\r\n              <div class=\"w-100 h-y-container h-column__content h-column__v-align flex-basis-100\">\r\n                <!---->\r\n              <\/div>\r\n            <\/div>\r\n          <\/div>\r\n          <div class=\"h-column h-column-container d-flex h-col-lg-auto h-col-md-auto h-col-auto style-384-outer style-local-435-c23-outer\">\r\n            <div class=\"d-flex h-flex-basis h-column__inner h-px-lg-2 h-px-md-2 h-px-2 v-inner-lg-2 v-inner-md-2 v-inner-2 style-384 style-local-435-c23 position-relative\" data-colibri-id=\"435-c23\">\r\n              <!---->\r\n              <!---->\r\n              <div class=\"w-100 h-y-container h-column__content h-column__v-align flex-basis-100 align-self-lg-start align-self-md-start align-self-start\">\r\n                <!---->\r\n                <div class=\"h-global-transition-all h-heading style-386 style-local-435-c24 position-relative h-element\" data-colibri-id=\"435-c24\">\r\n                  <!---->\r\n                  <!---->\r\n                  <h2>Delfter Bierhauptstadt<\/h2>\r\n                <\/div>\r\n                <div class=\"h-text h-text-component style-387 style-local-435-c25 position-relative h-element\" data-colibri-id=\"435-c25\">\r\n                  <!---->\r\n                  <!---->\r\n                  <div>\r\n                    <p><span style=\"color: rgb(70, 112, 127); font-family: Open Sans; font-size: 16px; font-weight: 400;\">Im Mittelalter war Delft die Bierstadt schlechthin: Pro Jahr wurden rund 77 Millionen Liter produziert! Bier war daher das beliebteste Getr\u00e4nk Nummer 1! Zu dieser Zeit hatte die Stadt mehr als 200 Brauereien. Sie lernen alles \u00fcber die Bierherstellung im Mittelalter. Wir werden auch zwei Brauereien besuchen und dort nat\u00fcrlich auch Bier probieren.<\/span><\/p>\r\n                  <\/div>\r\n                <\/div>\r\n              <\/div>\r\n            <\/div>\r\n          <\/div>\r\n        <\/div>\r\n      <\/div>\r\n    <\/div>\r\n  <\/div>\r\n  <div class=\"h-section h-section-global-spacing d-flex align-items-lg-center align-items-md-center align-items-center style-388 style-local-435-c26 position-relative\" id=\"custom\" data-colibri-component=\"section\" data-colibri-id=\"435-c26\">\r\n    <!---->\r\n    <!---->\r\n    <div class=\"h-section-grid-container h-section-boxed-container\">\r\n      <!---->\r\n      <div class=\"h-row-container gutters-row-lg-2 gutters-row-md-2 gutters-row-0 gutters-row-v-lg-2 gutters-row-v-md-2 gutters-row-v-2 style-392 style-local-435-c27 position-relative\" data-colibri-id=\"435-c27\">\r\n        <!---->\r\n        <div class=\"h-row justify-content-lg-center justify-content-md-center justify-content-center align-items-lg-stretch align-items-md-stretch align-items-stretch gutters-col-lg-2 gutters-col-md-2 gutters-col-0 gutters-col-v-lg-2 gutters-col-v-md-2 gutters-col-v-2\">\r\n          <!---->\r\n          <div class=\"h-column h-column-container d-flex h-col-lg-auto h-col-md-auto h-col-auto style-393-outer style-local-435-c28-outer\">\r\n            <div class=\"d-flex h-flex-basis h-column__inner h-px-lg-2 h-px-md-2 h-px-2 v-inner-lg-2 v-inner-md-2 v-inner-2 style-393 style-local-435-c28 position-relative\" data-colibri-id=\"435-c28\">\r\n              <!---->\r\n              <!---->\r\n              <div class=\"w-100 h-y-container h-column__content h-column__v-align flex-basis-100 align-self-lg-start align-self-md-start align-self-start\">\r\n                <!---->\r\n                <div class=\"h-text h-text-component style-391 style-local-435-c29 position-relative h-element\" data-colibri-id=\"435-c29\">\r\n                  <!---->\r\n                  <!---->\r\n                  <div>\r\n                    <p><span style=\"color: rgb(70, 112, 127); font-family: Open Sans; font-size: 16px; font-weight: 400;\">Sagen Sie uns, woran Sie interessiert sind, und wir machen einen Spaziergang, der speziell auf Ihre W\u00fcnsche zugeschnitten ist.<\/span><\/p>\r\n                  <\/div>\r\n                <\/div>\r\n              <\/div>\r\n            <\/div>\r\n          <\/div>\r\n          <div class=\"h-column h-column-container d-flex h-col-lg-auto h-col-md-auto h-col-auto style-394-outer style-local-435-c30-outer\">\r\n            <div class=\"d-flex h-flex-basis h-column__inner h-px-lg-2 h-px-md-2 h-px-2 v-inner-lg-2 v-inner-md-2 v-inner-2 style-394 style-local-435-c30 position-relative\" data-colibri-id=\"435-c30\">\r\n              <!---->\r\n              <!---->\r\n              <div class=\"w-100 h-y-container h-column__content h-column__v-align flex-basis-100 align-self-lg-start align-self-md-start align-self-start\">\r\n                <!---->\r\n                <div class=\"h-x-container style-395 style-local-435-c31 position-relative h-element\" data-colibri-id=\"435-c31\">\r\n                  <!---->\r\n                  <div class=\"h-x-container-inner style-dynamic-435-c31-group style-395-spacing style-local-435-c31-spacing\"><span class=\"h-link__outer style-396-outer style-local-435-c32-outer d-inline-flex h-element\"><a class=\"d-flex w-100 align-items-center h-link style-396 style-local-435-c32 position-relative\" href=\"https:\/\/www.exploredelft.nl\/de\/#contact\" data-colibri-id=\"435-c32\" h-use-smooth-scroll=\"true\" ><!----><!----> <span>Bitte kontaktieren Sie uns<\/span><\/a>\r\n                    <\/span>\r\n                  <\/div>\r\n                <\/div>\r\n              <\/div>\r\n            <\/div>\r\n          <\/div>\r\n        <\/div>\r\n      <\/div>\r\n    <\/div>\r\n  <\/div>\r\n<\/div>","protected":false},"excerpt":{"rendered":"<p>Tour op maat &nbsp; Komt u met familie, een vriendenclub van de vroegere middelbare school, een vrijgezellenfeest, een personeelsuitje, het maakt niet uit; voor elke groep kan een wandeling op maat gemaakt worden! En er is heel veel mogelijk! Een hofjeswandeling Delft heeft een aantal hofjes waar u zich in de 17e eeuw waant. Sommige [&hellip;]<\/p>\n","protected":false},"author":1,"featured_media":0,"parent":0,"menu_order":0,"comment_status":"closed","ping_status":"closed","template":"page-templates\/full-width-page.php","meta":{"om_disable_all_campaigns":false,"_monsterinsights_skip_tracking":false,"_monsterinsights_sitenote_active":false,"_monsterinsights_sitenote_note":"","_monsterinsights_sitenote_category":0,"footnotes":""},"class_list":["post-435","page","type-page","status-publish","hentry"],"yoast_head":"<!-- This site is optimized with the Yoast SEO plugin v25.2 - https:\/\/yoast.com\/wordpress\/plugins\/seo\/ -->\n<title>Tour op maat - Explore Delft<\/title>\n<meta name=\"robots\" content=\"index, follow, max-snippet:-1, max-image-preview:large, max-video-preview:-1\" \/>\n<link rel=\"canonical\" href=\"https:\/\/www.exploredelft.nl\/de\/tour-op-maat\/\" \/>\n<meta property=\"og:locale\" content=\"de_DE\" \/>\n<meta property=\"og:type\" content=\"article\" \/>\n<meta property=\"og:title\" content=\"Tour op maat - Explore Delft\" \/>\n<meta property=\"og:description\" content=\"Tour op maat &nbsp; Komt u met familie, een vriendenclub van de vroegere middelbare school, een vrijgezellenfeest, een personeelsuitje, het maakt niet uit; voor elke groep kan een wandeling op maat gemaakt worden! En er is heel veel mogelijk! Een hofjeswandeling Delft heeft een aantal hofjes waar u zich in de 17e eeuw waant. Sommige [&hellip;]\" \/>\n<meta property=\"og:url\" content=\"https:\/\/www.exploredelft.nl\/de\/tour-op-maat\/\" \/>\n<meta property=\"og:site_name\" content=\"Explore Delft\" \/>\n<meta property=\"article:modified_time\" content=\"2020-09-29T18:34:29+00:00\" \/>\n<meta name=\"twitter:card\" content=\"summary_large_image\" \/>\n<meta name=\"twitter:label1\" content=\"Gesch\u00e4tzte Lesezeit\" \/>\n\t<meta name=\"twitter:data1\" content=\"1\u00a0Minute\" \/>\n<script type=\"application\/ld+json\" class=\"yoast-schema-graph\">{\"@context\":\"https:\/\/schema.org\",\"@graph\":[{\"@type\":\"WebPage\",\"@id\":\"https:\/\/www.exploredelft.nl\/fr\/tour-op-maat\",\"url\":\"https:\/\/www.exploredelft.nl\/fr\/tour-op-maat\",\"name\":\"Tour op maat - Explore Delft\",\"isPartOf\":{\"@id\":\"https:\/\/www.exploredelft.nl\/fr\/#website\"},\"datePublished\":\"2020-01-04T10:09:44+00:00\",\"dateModified\":\"2020-09-29T18:34:29+00:00\",\"breadcrumb\":{\"@id\":\"https:\/\/www.exploredelft.nl\/fr\/tour-op-maat#breadcrumb\"},\"inLanguage\":\"de\",\"potentialAction\":[{\"@type\":\"ReadAction\",\"target\":[\"https:\/\/www.exploredelft.nl\/fr\/tour-op-maat\"]}]},{\"@type\":\"BreadcrumbList\",\"@id\":\"https:\/\/www.exploredelft.nl\/fr\/tour-op-maat#breadcrumb\",\"itemListElement\":[{\"@type\":\"ListItem\",\"position\":1,\"name\":\"Home\",\"item\":\"https:\/\/www.exploredelft.nl\/\"},{\"@type\":\"ListItem\",\"position\":2,\"name\":\"Tour op maat\"}]},{\"@type\":\"WebSite\",\"@id\":\"https:\/\/www.exploredelft.nl\/fr\/#website\",\"url\":\"https:\/\/www.exploredelft.nl\/fr\/\",\"name\":\"Explore Delft\",\"description\":\"\",\"publisher\":{\"@id\":\"https:\/\/www.exploredelft.nl\/fr\/#organization\"},\"potentialAction\":[{\"@type\":\"SearchAction\",\"target\":{\"@type\":\"EntryPoint\",\"urlTemplate\":\"https:\/\/www.exploredelft.nl\/fr\/?s={search_term_string}\"},\"query-input\":{\"@type\":\"PropertyValueSpecification\",\"valueRequired\":true,\"valueName\":\"search_term_string\"}}],\"inLanguage\":\"de\"},{\"@type\":\"Organization\",\"@id\":\"https:\/\/www.exploredelft.nl\/fr\/#organization\",\"name\":\"Explore Delft\",\"url\":\"https:\/\/www.exploredelft.nl\/fr\/\",\"logo\":{\"@type\":\"ImageObject\",\"inLanguage\":\"de\",\"@id\":\"https:\/\/www.exploredelft.nl\/fr\/#\/schema\/logo\/image\/\",\"url\":\"https:\/\/www.exploredelft.nl\/wp-content\/uploads\/2020\/01\/cropped-Logo-Explore-Delft.png\",\"contentUrl\":\"https:\/\/www.exploredelft.nl\/wp-content\/uploads\/2020\/01\/cropped-Logo-Explore-Delft.png\",\"width\":405,\"height\":336,\"caption\":\"Explore Delft\"},\"image\":{\"@id\":\"https:\/\/www.exploredelft.nl\/fr\/#\/schema\/logo\/image\/\"}}]}<\/script>\n<!-- \/ Yoast SEO plugin. -->","yoast_head_json":{"title":"Tour op maat - Explore Delft","robots":{"index":"index","follow":"follow","max-snippet":"max-snippet:-1","max-image-preview":"max-image-preview:large","max-video-preview":"max-video-preview:-1"},"canonical":"https:\/\/www.exploredelft.nl\/de\/tour-op-maat\/","og_locale":"de_DE","og_type":"article","og_title":"Tour op maat - Explore Delft","og_description":"Tour op maat &nbsp; Komt u met familie, een vriendenclub van de vroegere middelbare school, een vrijgezellenfeest, een personeelsuitje, het maakt niet uit; voor elke groep kan een wandeling op maat gemaakt worden! En er is heel veel mogelijk! Een hofjeswandeling Delft heeft een aantal hofjes waar u zich in de 17e eeuw waant. Sommige [&hellip;]","og_url":"https:\/\/www.exploredelft.nl\/de\/tour-op-maat\/","og_site_name":"Explore Delft","article_modified_time":"2020-09-29T18:34:29+00:00","twitter_card":"summary_large_image","twitter_misc":{"Gesch\u00e4tzte Lesezeit":"1\u00a0Minute"},"schema":{"@context":"https:\/\/schema.org","@graph":[{"@type":"WebPage","@id":"https:\/\/www.exploredelft.nl\/fr\/tour-op-maat","url":"https:\/\/www.exploredelft.nl\/fr\/tour-op-maat","name":"Tour op maat - Explore Delft","isPartOf":{"@id":"https:\/\/www.exploredelft.nl\/fr\/#website"},"datePublished":"2020-01-04T10:09:44+00:00","dateModified":"2020-09-29T18:34:29+00:00","breadcrumb":{"@id":"https:\/\/www.exploredelft.nl\/fr\/tour-op-maat#breadcrumb"},"inLanguage":"de","potentialAction":[{"@type":"ReadAction","target":["https:\/\/www.exploredelft.nl\/fr\/tour-op-maat"]}]},{"@type":"BreadcrumbList","@id":"https:\/\/www.exploredelft.nl\/fr\/tour-op-maat#breadcrumb","itemListElement":[{"@type":"ListItem","position":1,"name":"Home","item":"https:\/\/www.exploredelft.nl\/"},{"@type":"ListItem","position":2,"name":"Tour op maat"}]},{"@type":"WebSite","@id":"https:\/\/www.exploredelft.nl\/fr\/#website","url":"https:\/\/www.exploredelft.nl\/fr\/","name":"Explore Delft","description":"","publisher":{"@id":"https:\/\/www.exploredelft.nl\/fr\/#organization"},"potentialAction":[{"@type":"SearchAction","target":{"@type":"EntryPoint","urlTemplate":"https:\/\/www.exploredelft.nl\/fr\/?s={search_term_string}"},"query-input":{"@type":"PropertyValueSpecification","valueRequired":true,"valueName":"search_term_string"}}],"inLanguage":"de"},{"@type":"Organization","@id":"https:\/\/www.exploredelft.nl\/fr\/#organization","name":"Explore Delft","url":"https:\/\/www.exploredelft.nl\/fr\/","logo":{"@type":"ImageObject","inLanguage":"de","@id":"https:\/\/www.exploredelft.nl\/fr\/#\/schema\/logo\/image\/","url":"https:\/\/www.exploredelft.nl\/wp-content\/uploads\/2020\/01\/cropped-Logo-Explore-Delft.png","contentUrl":"https:\/\/www.exploredelft.nl\/wp-content\/uploads\/2020\/01\/cropped-Logo-Explore-Delft.png","width":405,"height":336,"caption":"Explore Delft"},"image":{"@id":"https:\/\/www.exploredelft.nl\/fr\/#\/schema\/logo\/image\/"}}]}},"_links":{"self":[{"href":"https:\/\/www.exploredelft.nl\/de\/wp-json\/wp\/v2\/pages\/435","targetHints":{"allow":["GET"]}}],"collection":[{"href":"https:\/\/www.exploredelft.nl\/de\/wp-json\/wp\/v2\/pages"}],"about":[{"href":"https:\/\/www.exploredelft.nl\/de\/wp-json\/wp\/v2\/types\/page"}],"author":[{"embeddable":true,"href":"https:\/\/www.exploredelft.nl\/de\/wp-json\/wp\/v2\/users\/1"}],"replies":[{"embeddable":true,"href":"https:\/\/www.exploredelft.nl\/de\/wp-json\/wp\/v2\/comments?post=435"}],"version-history":[{"count":20,"href":"https:\/\/www.exploredelft.nl\/de\/wp-json\/wp\/v2\/pages\/435\/revisions"}],"predecessor-version":[{"id":853,"href":"https:\/\/www.exploredelft.nl\/de\/wp-json\/wp\/v2\/pages\/435\/revisions\/853"}],"wp:attachment":[{"href":"https:\/\/www.exploredelft.nl\/de\/wp-json\/wp\/v2\/media?parent=435"}],"curies":[{"name":"wp","href":"https:\/\/api.w.org\/{rel}","templated":true}]}}