{"id":745,"date":"2020-05-24T20:04:20","date_gmt":"2020-05-24T20:04:20","guid":{"rendered":"https:\/\/explore-delft.nl\/?post_type=product&#038;p=745"},"modified":"2024-12-28T14:24:30","modified_gmt":"2024-12-28T14:24:30","slug":"fietsen","status":"publish","type":"product","link":"https:\/\/www.exploredelft.nl\/de\/produkt\/fietsen","title":{"rendered":"Stadtf\u00fchrung mit dem Fahrrad"},"content":{"rendered":"<p>W\u00e4hrend dieser entspannten Radtour wird man die reiche Geschichte, die gem\u00fctlichen Strassen und Pl\u00e4tze, die malerischen H\u00e4user und die interessanten Anekdoten geniessen.<\/p>\n<p>Wir fahren auf der ehemaligen Stadtmauer zum Osttor und besuchen verschiedene Innenh\u00f6fe, von den einige so gut versteckt sind, dass sogar mancher Bewohner von Delft erkennen muss, dass er nichts \u00fcber deren Existenz wusste.\nUnterwegs sehen wir auch typisch holl\u00e4ndische Windm\u00fchlen. Wir durchqueren das \u201cDelftse Hout\u201d, ein sch\u00f6nes Erholungsgebiet mit verschiedenen Seen. \nWeiter besuchen wir den Agnetapark, ein Gartenviertel, welches Jacques van Marken ab 1882 als erster \u201cSozialunternehmer\u201d angelegt hatte. In diesem Park liess er H\u00e4user f\u00fcr seine Mitarbeiter bauen. Ihr Stadtf\u00fchrer wird alles davon erz\u00e4hlen!<\/p>\n<p>Prijzen per gids: 1,5 uur: \u20ac130, 2 uur: \u20ac166<\/p>\n<p>Fahrrad -Verleih:    15 \u20ac pro Person<\/p>\n<p>Das Fahrrad k\u00f6nnen Sie den ganzen Tag benutzen.<\/p>","protected":false},"excerpt":{"rendered":"<h2><a href=\"https:\/\/www.exploredelft.nl\/de\/tour-aanvragen\/\">Tour Anfrage<\/a><\/h2>\n<p>Excl fietshuur \u20ac15 pp<\/p>\n<p>&nbsp;<\/p>","protected":false},"featured_media":612,"comment_status":"open","ping_status":"closed","template":"","meta":{"om_disable_all_campaigns":false,"_monsterinsights_skip_tracking":false,"_monsterinsights_sitenote_active":false,"_monsterinsights_sitenote_note":"","_monsterinsights_sitenote_category":0},"product_brand":[],"product_cat":[33],"product_tag":[],"class_list":{"0":"post-745","1":"product","2":"type-product","3":"status-publish","4":"has-post-thumbnail","6":"product_cat-privetourfietsen","8":"first","9":"instock","10":"taxable","11":"shipping-taxable","12":"product-type-simple"},"yoast_head":"<!-- This site is optimized with the Yoast SEO plugin v25.2 - https:\/\/yoast.com\/wordpress\/plugins\/seo\/ -->\n<title>Priv\u00e9 tour fietsen - Explore Delft<\/title>\n<meta name=\"robots\" content=\"index, follow, max-snippet:-1, max-image-preview:large, max-video-preview:-1\" \/>\n<link rel=\"canonical\" href=\"https:\/\/www.exploredelft.nl\/de\/produkt\/fietsen\/\" \/>\n<meta property=\"og:locale\" content=\"de_DE\" \/>\n<meta property=\"og:type\" content=\"article\" \/>\n<meta property=\"og:title\" content=\"Priv\u00e9 tour fietsen - Explore Delft\" \/>\n<meta property=\"og:description\" content=\"Tour aanvragen Excl fietshuur \u20ac15 pp  &nbsp;\" \/>\n<meta property=\"og:url\" content=\"https:\/\/www.exploredelft.nl\/de\/produkt\/fietsen\/\" \/>\n<meta property=\"og:site_name\" content=\"Explore Delft\" \/>\n<meta property=\"article:modified_time\" content=\"2024-12-28T14:24:30+00:00\" \/>\n<meta property=\"og:image\" content=\"https:\/\/www.exploredelft.nl\/wp-content\/uploads\/2020\/01\/kleiner.jpeg\" \/>\n\t<meta property=\"og:image:width\" content=\"478\" \/>\n\t<meta property=\"og:image:height\" content=\"359\" \/>\n\t<meta property=\"og:image:type\" content=\"image\/jpeg\" \/>\n<meta name=\"twitter:card\" content=\"summary_large_image\" \/>\n<meta name=\"twitter:label1\" content=\"Gesch\u00e4tzte Lesezeit\" \/>\n\t<meta name=\"twitter:data1\" content=\"1\u00a0Minute\" \/>\n<script type=\"application\/ld+json\" class=\"yoast-schema-graph\">{\"@context\":\"https:\/\/schema.org\",\"@graph\":[{\"@type\":\"WebPage\",\"@id\":\"https:\/\/www.exploredelft.nl\/product\/fietsen\",\"url\":\"https:\/\/www.exploredelft.nl\/product\/fietsen\",\"name\":\"Priv\u00e9 tour fietsen - Explore Delft\",\"isPartOf\":{\"@id\":\"https:\/\/www.exploredelft.nl\/fr\/#website\"},\"primaryImageOfPage\":{\"@id\":\"https:\/\/www.exploredelft.nl\/product\/fietsen#primaryimage\"},\"image\":{\"@id\":\"https:\/\/www.exploredelft.nl\/product\/fietsen#primaryimage\"},\"thumbnailUrl\":\"https:\/\/www.exploredelft.nl\/wp-content\/uploads\/2020\/01\/kleiner.jpeg\",\"datePublished\":\"2020-05-24T20:04:20+00:00\",\"dateModified\":\"2024-12-28T14:24:30+00:00\",\"breadcrumb\":{\"@id\":\"https:\/\/www.exploredelft.nl\/product\/fietsen#breadcrumb\"},\"inLanguage\":\"de\",\"potentialAction\":[{\"@type\":\"ReadAction\",\"target\":[\"https:\/\/www.exploredelft.nl\/product\/fietsen\"]}]},{\"@type\":\"ImageObject\",\"inLanguage\":\"de\",\"@id\":\"https:\/\/www.exploredelft.nl\/product\/fietsen#primaryimage\",\"url\":\"https:\/\/www.exploredelft.nl\/wp-content\/uploads\/2020\/01\/kleiner.jpeg\",\"contentUrl\":\"https:\/\/www.exploredelft.nl\/wp-content\/uploads\/2020\/01\/kleiner.jpeg\",\"width\":478,\"height\":359},{\"@type\":\"BreadcrumbList\",\"@id\":\"https:\/\/www.exploredelft.nl\/product\/fietsen#breadcrumb\",\"itemListElement\":[{\"@type\":\"ListItem\",\"position\":1,\"name\":\"Home\",\"item\":\"https:\/\/www.exploredelft.nl\/\"},{\"@type\":\"ListItem\",\"position\":2,\"name\":\"Fiets- en wandeltours\",\"item\":\"https:\/\/www.exploredelft.nl\/fr\/winkel\"},{\"@type\":\"ListItem\",\"position\":3,\"name\":\"Priv\u00e9 tour fietsen\"}]},{\"@type\":\"WebSite\",\"@id\":\"https:\/\/www.exploredelft.nl\/fr\/#website\",\"url\":\"https:\/\/www.exploredelft.nl\/fr\/\",\"name\":\"Explore Delft\",\"description\":\"\",\"publisher\":{\"@id\":\"https:\/\/www.exploredelft.nl\/fr\/#organization\"},\"potentialAction\":[{\"@type\":\"SearchAction\",\"target\":{\"@type\":\"EntryPoint\",\"urlTemplate\":\"https:\/\/www.exploredelft.nl\/fr\/?s={search_term_string}\"},\"query-input\":{\"@type\":\"PropertyValueSpecification\",\"valueRequired\":true,\"valueName\":\"search_term_string\"}}],\"inLanguage\":\"de\"},{\"@type\":\"Organization\",\"@id\":\"https:\/\/www.exploredelft.nl\/fr\/#organization\",\"name\":\"Explore Delft\",\"url\":\"https:\/\/www.exploredelft.nl\/fr\/\",\"logo\":{\"@type\":\"ImageObject\",\"inLanguage\":\"de\",\"@id\":\"https:\/\/www.exploredelft.nl\/fr\/#\/schema\/logo\/image\/\",\"url\":\"https:\/\/www.exploredelft.nl\/wp-content\/uploads\/2020\/01\/cropped-Logo-Explore-Delft.png\",\"contentUrl\":\"https:\/\/www.exploredelft.nl\/wp-content\/uploads\/2020\/01\/cropped-Logo-Explore-Delft.png\",\"width\":405,\"height\":336,\"caption\":\"Explore Delft\"},\"image\":{\"@id\":\"https:\/\/www.exploredelft.nl\/fr\/#\/schema\/logo\/image\/\"}}]}<\/script>\n<!-- \/ Yoast SEO plugin. -->","yoast_head_json":{"title":"Priv\u00e9 tour fietsen - Explore Delft","robots":{"index":"index","follow":"follow","max-snippet":"max-snippet:-1","max-image-preview":"max-image-preview:large","max-video-preview":"max-video-preview:-1"},"canonical":"https:\/\/www.exploredelft.nl\/de\/produkt\/fietsen\/","og_locale":"de_DE","og_type":"article","og_title":"Priv\u00e9 tour fietsen - Explore Delft","og_description":"Tour aanvragen Excl fietshuur \u20ac15 pp  &nbsp;","og_url":"https:\/\/www.exploredelft.nl\/de\/produkt\/fietsen\/","og_site_name":"Explore Delft","article_modified_time":"2024-12-28T14:24:30+00:00","og_image":[{"width":478,"height":359,"url":"https:\/\/www.exploredelft.nl\/wp-content\/uploads\/2020\/01\/kleiner.jpeg","type":"image\/jpeg"}],"twitter_card":"summary_large_image","twitter_misc":{"Gesch\u00e4tzte Lesezeit":"1\u00a0Minute"},"schema":{"@context":"https:\/\/schema.org","@graph":[{"@type":"WebPage","@id":"https:\/\/www.exploredelft.nl\/product\/fietsen","url":"https:\/\/www.exploredelft.nl\/product\/fietsen","name":"Priv\u00e9 tour fietsen - Explore Delft","isPartOf":{"@id":"https:\/\/www.exploredelft.nl\/fr\/#website"},"primaryImageOfPage":{"@id":"https:\/\/www.exploredelft.nl\/product\/fietsen#primaryimage"},"image":{"@id":"https:\/\/www.exploredelft.nl\/product\/fietsen#primaryimage"},"thumbnailUrl":"https:\/\/www.exploredelft.nl\/wp-content\/uploads\/2020\/01\/kleiner.jpeg","datePublished":"2020-05-24T20:04:20+00:00","dateModified":"2024-12-28T14:24:30+00:00","breadcrumb":{"@id":"https:\/\/www.exploredelft.nl\/product\/fietsen#breadcrumb"},"inLanguage":"de","potentialAction":[{"@type":"ReadAction","target":["https:\/\/www.exploredelft.nl\/product\/fietsen"]}]},{"@type":"ImageObject","inLanguage":"de","@id":"https:\/\/www.exploredelft.nl\/product\/fietsen#primaryimage","url":"https:\/\/www.exploredelft.nl\/wp-content\/uploads\/2020\/01\/kleiner.jpeg","contentUrl":"https:\/\/www.exploredelft.nl\/wp-content\/uploads\/2020\/01\/kleiner.jpeg","width":478,"height":359},{"@type":"BreadcrumbList","@id":"https:\/\/www.exploredelft.nl\/product\/fietsen#breadcrumb","itemListElement":[{"@type":"ListItem","position":1,"name":"Home","item":"https:\/\/www.exploredelft.nl\/"},{"@type":"ListItem","position":2,"name":"Fiets- en wandeltours","item":"https:\/\/www.exploredelft.nl\/fr\/winkel"},{"@type":"ListItem","position":3,"name":"Priv\u00e9 tour fietsen"}]},{"@type":"WebSite","@id":"https:\/\/www.exploredelft.nl\/fr\/#website","url":"https:\/\/www.exploredelft.nl\/fr\/","name":"Explore Delft","description":"","publisher":{"@id":"https:\/\/www.exploredelft.nl\/fr\/#organization"},"potentialAction":[{"@type":"SearchAction","target":{"@type":"EntryPoint","urlTemplate":"https:\/\/www.exploredelft.nl\/fr\/?s={search_term_string}"},"query-input":{"@type":"PropertyValueSpecification","valueRequired":true,"valueName":"search_term_string"}}],"inLanguage":"de"},{"@type":"Organization","@id":"https:\/\/www.exploredelft.nl\/fr\/#organization","name":"Explore Delft","url":"https:\/\/www.exploredelft.nl\/fr\/","logo":{"@type":"ImageObject","inLanguage":"de","@id":"https:\/\/www.exploredelft.nl\/fr\/#\/schema\/logo\/image\/","url":"https:\/\/www.exploredelft.nl\/wp-content\/uploads\/2020\/01\/cropped-Logo-Explore-Delft.png","contentUrl":"https:\/\/www.exploredelft.nl\/wp-content\/uploads\/2020\/01\/cropped-Logo-Explore-Delft.png","width":405,"height":336,"caption":"Explore Delft"},"image":{"@id":"https:\/\/www.exploredelft.nl\/fr\/#\/schema\/logo\/image\/"}}]}},"_links":{"self":[{"href":"https:\/\/www.exploredelft.nl\/de\/wp-json\/wp\/v2\/product\/745","targetHints":{"allow":["GET"]}}],"collection":[{"href":"https:\/\/www.exploredelft.nl\/de\/wp-json\/wp\/v2\/product"}],"about":[{"href":"https:\/\/www.exploredelft.nl\/de\/wp-json\/wp\/v2\/types\/product"}],"replies":[{"embeddable":true,"href":"https:\/\/www.exploredelft.nl\/de\/wp-json\/wp\/v2\/comments?post=745"}],"wp:featuredmedia":[{"embeddable":true,"href":"https:\/\/www.exploredelft.nl\/de\/wp-json\/wp\/v2\/media\/612"}],"wp:attachment":[{"href":"https:\/\/www.exploredelft.nl\/de\/wp-json\/wp\/v2\/media?parent=745"}],"wp:term":[{"taxonomy":"product_brand","embeddable":true,"href":"https:\/\/www.exploredelft.nl\/de\/wp-json\/wp\/v2\/product_brand?post=745"},{"taxonomy":"product_cat","embeddable":true,"href":"https:\/\/www.exploredelft.nl\/de\/wp-json\/wp\/v2\/product_cat?post=745"},{"taxonomy":"product_tag","embeddable":true,"href":"https:\/\/www.exploredelft.nl\/de\/wp-json\/wp\/v2\/product_tag?post=745"}],"curies":[{"name":"wp","href":"https:\/\/api.w.org\/{rel}","templated":true}]}}