{"id":913,"date":"2020-09-09T12:03:07","date_gmt":"2020-09-09T12:03:07","guid":{"rendered":"https:\/\/explore-delft.nl\/?post_type=product&#038;p=913"},"modified":"2025-11-20T15:18:18","modified_gmt":"2025-11-20T15:18:18","slug":"klm-huisjeswandeling","status":"publish","type":"product","link":"https:\/\/www.exploredelft.nl\/de\/produkt\/klm-huisjeswandeling","title":{"rendered":"der KLM H\u00e4userrundgang"},"content":{"rendered":"<p><span style=\"font-weight: 400;\">Seit 1952 schenkt KLM seinen Business Class Passagieren ein Delftblaues Miniaturhaus am Ende des Fluges. In der Zwischenzeit sind die H\u00e4user echte Sammlerst\u00fccke geworden! Das 100e KLM H\u00e4uschen ist am 100sten Geburtstag von KLM enth\u00fcllt worden.<\/span><\/p>\n<p><span style=\"font-weight: 400;\">Acht von diesen H\u00e4usern befinden sich in Delft. W\u00e4hrend Ihrer Wanderung werden Sie diese H\u00e4user im echten Leben sehen! Ihr F\u00fchrer wird Ihnen die Geschichte dieser H\u00e4user erz\u00e4hlen und Sie auf \u00fcberraschende Details aufmerksam machen.<\/span><\/p>\n<p><span style=\"font-weight: 400;\">Die H\u00e4user sind hergestellt aus Delfter blauer Keramik; Wie kam es zu Delft Blau? Wir werden uns einen Blick ins Studio werfen und den Malermeister bei der Arbeit sehen.<\/span><\/p>\n<p><span style=\"font-weight: 400;\">Delft ist auch die Stadt der F\u00fcrsten; hier lebte Prinz Wilhelm von Oranien, der Gr\u00fcnder des K\u00f6nigreichs der Niederlande; in der Neuen Kirche wurde er begraben.\u00a0<\/span><\/p>\n<p><span style=\"font-weight: 400;\">Aber es gibt noch viel mehr bekannte Einwohner von Delft, wie der  Maler Johannes Vermeer (wer kennt nicht sein Gem\u00e4lde: \u201cDas M\u00e4dchen mit dem Perlenohrring\u201d? ) wurde hier geboren und ist hier aufgewachsen, so wie auch Anthoni van Leeuwenhoek, der das Mikroskop verbesserte und Hugo Grotius, bekannter Rechtsgelehrter und politischer Philosoph.<\/span><\/p>\n<p><span style=\"font-weight: 400;\">W\u00e4hrend dieser Wanderung werden Sie in der Zeit zur\u00fcckgehen, aber auch viele lustige und interessante Anekdoten von heutigen Delft h\u00f6ren.\nSelbstverst\u00e4ndlich k\u00f6nnen Sie Ihrem F\u00fchrer nicht nur alle fragen stellen w\u00e4hrend  der Wanderung, sonderen auch f\u00fcr Tipps \u00fcber gem\u00fctliche Mittagslokale, Caf\u00e9s, Restaurants oder zum Einkaufen k\u00f6nnen Sie sich and Ihren F\u00fchrer wenden.<\/span><\/p>\n<p><span style=\"font-weight: 400;\">Voor deze priv\u00e9 tour betaalt u\u00a0 \u20ac130 per gids.<\/span><\/p>\n<p>&nbsp;<\/p>","protected":false},"excerpt":{"rendered":"<h2><a href=\"https:\/\/www.exploredelft.nl\/de\/tour-aanvragen\/\">Tour Anfrage<\/a><\/h2>","protected":false},"featured_media":416,"comment_status":"open","ping_status":"closed","template":"","meta":{"om_disable_all_campaigns":false,"_monsterinsights_skip_tracking":false,"_monsterinsights_sitenote_active":false,"_monsterinsights_sitenote_note":"","_monsterinsights_sitenote_category":0},"product_brand":[],"product_cat":[15],"product_tag":[],"class_list":{"0":"post-913","1":"product","2":"type-product","3":"status-publish","4":"has-post-thumbnail","6":"product_cat-privetourswandelen","8":"first","9":"instock","10":"taxable","11":"shipping-taxable","12":"product-type-simple"},"yoast_head":"<!-- This site is optimized with the Yoast SEO plugin v25.2 - https:\/\/yoast.com\/wordpress\/plugins\/seo\/ -->\n<title>KLM huisjeswandeling - Explore Delft<\/title>\n<meta name=\"robots\" content=\"index, follow, max-snippet:-1, max-image-preview:large, max-video-preview:-1\" \/>\n<link rel=\"canonical\" href=\"https:\/\/www.exploredelft.nl\/de\/produkt\/klm-huisjeswandeling\/\" \/>\n<meta property=\"og:locale\" content=\"de_DE\" \/>\n<meta property=\"og:type\" content=\"article\" \/>\n<meta property=\"og:title\" content=\"KLM huisjeswandeling - Explore Delft\" \/>\n<meta property=\"og:description\" content=\"Tour aanvragen\" \/>\n<meta property=\"og:url\" content=\"https:\/\/www.exploredelft.nl\/de\/produkt\/klm-huisjeswandeling\/\" \/>\n<meta property=\"og:site_name\" content=\"Explore Delft\" \/>\n<meta property=\"article:modified_time\" content=\"2025-11-20T15:18:18+00:00\" \/>\n<meta property=\"og:image\" content=\"https:\/\/www.exploredelft.nl\/wp-content\/uploads\/2019\/12\/image00001.jpeg\" \/>\n\t<meta property=\"og:image:width\" content=\"553\" \/>\n\t<meta property=\"og:image:height\" content=\"371\" \/>\n\t<meta property=\"og:image:type\" content=\"image\/jpeg\" \/>\n<meta name=\"twitter:card\" content=\"summary_large_image\" \/>\n<meta name=\"twitter:label1\" content=\"Gesch\u00e4tzte Lesezeit\" \/>\n\t<meta name=\"twitter:data1\" content=\"2\u00a0Minuten\" \/>\n<script type=\"application\/ld+json\" class=\"yoast-schema-graph\">{\"@context\":\"https:\/\/schema.org\",\"@graph\":[{\"@type\":\"WebPage\",\"@id\":\"https:\/\/www.exploredelft.nl\/product\/klm-huisjeswandeling\",\"url\":\"https:\/\/www.exploredelft.nl\/product\/klm-huisjeswandeling\",\"name\":\"KLM huisjeswandeling - Explore Delft\",\"isPartOf\":{\"@id\":\"https:\/\/www.exploredelft.nl\/fr\/#website\"},\"primaryImageOfPage\":{\"@id\":\"https:\/\/www.exploredelft.nl\/product\/klm-huisjeswandeling#primaryimage\"},\"image\":{\"@id\":\"https:\/\/www.exploredelft.nl\/product\/klm-huisjeswandeling#primaryimage\"},\"thumbnailUrl\":\"https:\/\/www.exploredelft.nl\/wp-content\/uploads\/2019\/12\/image00001.jpeg\",\"datePublished\":\"2020-09-09T12:03:07+00:00\",\"dateModified\":\"2025-11-20T15:18:18+00:00\",\"breadcrumb\":{\"@id\":\"https:\/\/www.exploredelft.nl\/product\/klm-huisjeswandeling#breadcrumb\"},\"inLanguage\":\"de\",\"potentialAction\":[{\"@type\":\"ReadAction\",\"target\":[\"https:\/\/www.exploredelft.nl\/product\/klm-huisjeswandeling\"]}]},{\"@type\":\"ImageObject\",\"inLanguage\":\"de\",\"@id\":\"https:\/\/www.exploredelft.nl\/product\/klm-huisjeswandeling#primaryimage\",\"url\":\"https:\/\/www.exploredelft.nl\/wp-content\/uploads\/2019\/12\/image00001.jpeg\",\"contentUrl\":\"https:\/\/www.exploredelft.nl\/wp-content\/uploads\/2019\/12\/image00001.jpeg\",\"width\":553,\"height\":371},{\"@type\":\"BreadcrumbList\",\"@id\":\"https:\/\/www.exploredelft.nl\/product\/klm-huisjeswandeling#breadcrumb\",\"itemListElement\":[{\"@type\":\"ListItem\",\"position\":1,\"name\":\"Home\",\"item\":\"https:\/\/www.exploredelft.nl\/\"},{\"@type\":\"ListItem\",\"position\":2,\"name\":\"Fiets- en wandeltours\",\"item\":\"https:\/\/www.exploredelft.nl\/fr\/winkel\"},{\"@type\":\"ListItem\",\"position\":3,\"name\":\"KLM huisjeswandeling\"}]},{\"@type\":\"WebSite\",\"@id\":\"https:\/\/www.exploredelft.nl\/fr\/#website\",\"url\":\"https:\/\/www.exploredelft.nl\/fr\/\",\"name\":\"Explore Delft\",\"description\":\"\",\"publisher\":{\"@id\":\"https:\/\/www.exploredelft.nl\/fr\/#organization\"},\"potentialAction\":[{\"@type\":\"SearchAction\",\"target\":{\"@type\":\"EntryPoint\",\"urlTemplate\":\"https:\/\/www.exploredelft.nl\/fr\/?s={search_term_string}\"},\"query-input\":{\"@type\":\"PropertyValueSpecification\",\"valueRequired\":true,\"valueName\":\"search_term_string\"}}],\"inLanguage\":\"de\"},{\"@type\":\"Organization\",\"@id\":\"https:\/\/www.exploredelft.nl\/fr\/#organization\",\"name\":\"Explore Delft\",\"url\":\"https:\/\/www.exploredelft.nl\/fr\/\",\"logo\":{\"@type\":\"ImageObject\",\"inLanguage\":\"de\",\"@id\":\"https:\/\/www.exploredelft.nl\/fr\/#\/schema\/logo\/image\/\",\"url\":\"https:\/\/www.exploredelft.nl\/wp-content\/uploads\/2020\/01\/cropped-Logo-Explore-Delft.png\",\"contentUrl\":\"https:\/\/www.exploredelft.nl\/wp-content\/uploads\/2020\/01\/cropped-Logo-Explore-Delft.png\",\"width\":405,\"height\":336,\"caption\":\"Explore Delft\"},\"image\":{\"@id\":\"https:\/\/www.exploredelft.nl\/fr\/#\/schema\/logo\/image\/\"}}]}<\/script>\n<!-- \/ Yoast SEO plugin. -->","yoast_head_json":{"title":"KLM huisjeswandeling - Explore Delft","robots":{"index":"index","follow":"follow","max-snippet":"max-snippet:-1","max-image-preview":"max-image-preview:large","max-video-preview":"max-video-preview:-1"},"canonical":"https:\/\/www.exploredelft.nl\/de\/produkt\/klm-huisjeswandeling\/","og_locale":"de_DE","og_type":"article","og_title":"KLM huisjeswandeling - Explore Delft","og_description":"Tour aanvragen","og_url":"https:\/\/www.exploredelft.nl\/de\/produkt\/klm-huisjeswandeling\/","og_site_name":"Explore Delft","article_modified_time":"2025-11-20T15:18:18+00:00","og_image":[{"width":553,"height":371,"url":"https:\/\/www.exploredelft.nl\/wp-content\/uploads\/2019\/12\/image00001.jpeg","type":"image\/jpeg"}],"twitter_card":"summary_large_image","twitter_misc":{"Gesch\u00e4tzte Lesezeit":"2\u00a0Minuten"},"schema":{"@context":"https:\/\/schema.org","@graph":[{"@type":"WebPage","@id":"https:\/\/www.exploredelft.nl\/product\/klm-huisjeswandeling","url":"https:\/\/www.exploredelft.nl\/product\/klm-huisjeswandeling","name":"KLM huisjeswandeling - Explore Delft","isPartOf":{"@id":"https:\/\/www.exploredelft.nl\/fr\/#website"},"primaryImageOfPage":{"@id":"https:\/\/www.exploredelft.nl\/product\/klm-huisjeswandeling#primaryimage"},"image":{"@id":"https:\/\/www.exploredelft.nl\/product\/klm-huisjeswandeling#primaryimage"},"thumbnailUrl":"https:\/\/www.exploredelft.nl\/wp-content\/uploads\/2019\/12\/image00001.jpeg","datePublished":"2020-09-09T12:03:07+00:00","dateModified":"2025-11-20T15:18:18+00:00","breadcrumb":{"@id":"https:\/\/www.exploredelft.nl\/product\/klm-huisjeswandeling#breadcrumb"},"inLanguage":"de","potentialAction":[{"@type":"ReadAction","target":["https:\/\/www.exploredelft.nl\/product\/klm-huisjeswandeling"]}]},{"@type":"ImageObject","inLanguage":"de","@id":"https:\/\/www.exploredelft.nl\/product\/klm-huisjeswandeling#primaryimage","url":"https:\/\/www.exploredelft.nl\/wp-content\/uploads\/2019\/12\/image00001.jpeg","contentUrl":"https:\/\/www.exploredelft.nl\/wp-content\/uploads\/2019\/12\/image00001.jpeg","width":553,"height":371},{"@type":"BreadcrumbList","@id":"https:\/\/www.exploredelft.nl\/product\/klm-huisjeswandeling#breadcrumb","itemListElement":[{"@type":"ListItem","position":1,"name":"Home","item":"https:\/\/www.exploredelft.nl\/"},{"@type":"ListItem","position":2,"name":"Fiets- en wandeltours","item":"https:\/\/www.exploredelft.nl\/fr\/winkel"},{"@type":"ListItem","position":3,"name":"KLM huisjeswandeling"}]},{"@type":"WebSite","@id":"https:\/\/www.exploredelft.nl\/fr\/#website","url":"https:\/\/www.exploredelft.nl\/fr\/","name":"Explore Delft","description":"","publisher":{"@id":"https:\/\/www.exploredelft.nl\/fr\/#organization"},"potentialAction":[{"@type":"SearchAction","target":{"@type":"EntryPoint","urlTemplate":"https:\/\/www.exploredelft.nl\/fr\/?s={search_term_string}"},"query-input":{"@type":"PropertyValueSpecification","valueRequired":true,"valueName":"search_term_string"}}],"inLanguage":"de"},{"@type":"Organization","@id":"https:\/\/www.exploredelft.nl\/fr\/#organization","name":"Explore Delft","url":"https:\/\/www.exploredelft.nl\/fr\/","logo":{"@type":"ImageObject","inLanguage":"de","@id":"https:\/\/www.exploredelft.nl\/fr\/#\/schema\/logo\/image\/","url":"https:\/\/www.exploredelft.nl\/wp-content\/uploads\/2020\/01\/cropped-Logo-Explore-Delft.png","contentUrl":"https:\/\/www.exploredelft.nl\/wp-content\/uploads\/2020\/01\/cropped-Logo-Explore-Delft.png","width":405,"height":336,"caption":"Explore Delft"},"image":{"@id":"https:\/\/www.exploredelft.nl\/fr\/#\/schema\/logo\/image\/"}}]}},"_links":{"self":[{"href":"https:\/\/www.exploredelft.nl\/de\/wp-json\/wp\/v2\/product\/913","targetHints":{"allow":["GET"]}}],"collection":[{"href":"https:\/\/www.exploredelft.nl\/de\/wp-json\/wp\/v2\/product"}],"about":[{"href":"https:\/\/www.exploredelft.nl\/de\/wp-json\/wp\/v2\/types\/product"}],"replies":[{"embeddable":true,"href":"https:\/\/www.exploredelft.nl\/de\/wp-json\/wp\/v2\/comments?post=913"}],"wp:featuredmedia":[{"embeddable":true,"href":"https:\/\/www.exploredelft.nl\/de\/wp-json\/wp\/v2\/media\/416"}],"wp:attachment":[{"href":"https:\/\/www.exploredelft.nl\/de\/wp-json\/wp\/v2\/media?parent=913"}],"wp:term":[{"taxonomy":"product_brand","embeddable":true,"href":"https:\/\/www.exploredelft.nl\/de\/wp-json\/wp\/v2\/product_brand?post=913"},{"taxonomy":"product_cat","embeddable":true,"href":"https:\/\/www.exploredelft.nl\/de\/wp-json\/wp\/v2\/product_cat?post=913"},{"taxonomy":"product_tag","embeddable":true,"href":"https:\/\/www.exploredelft.nl\/de\/wp-json\/wp\/v2\/product_tag?post=913"}],"curies":[{"name":"wp","href":"https:\/\/api.w.org\/{rel}","templated":true}]}}